{"id":15,"date":"2018-07-07T20:58:33","date_gmt":"2018-07-07T20:58:33","guid":{"rendered":"http:\/\/clown-theo.de\/?page_id=15"},"modified":"2019-09-26T07:23:12","modified_gmt":"2019-09-26T07:23:12","slug":"kontakt","status":"publish","type":"page","link":"https:\/\/clown-theo.de\/?page_id=15","title":{"rendered":"Kontakt"},"content":{"rendered":"<h4>Kontakt:<\/h4>\n<p>J\u00f6rg Hunold<br \/>\nClemensstr. 5<br \/>\n49090 Osnabr\u00fcck<\/p>\n<p>Mail: <a href=\"mailto:info@clown-theo.de\">info@clown-theo.de<\/a><br \/>\nTel.: 0541 4098462<br \/>\nmobil: 0176 32 102 102<\/p>\n<h4><strong>Impressum:<\/strong><\/h4>\n<p><strong>Inhaltlich verantwortlich:<\/strong><br \/>\nJ\u00f6rg Hunold<\/p>\n<p><b>Design &amp; technische Umsetzung<\/b><br \/>\nJ\u00f6rg Hunold mit WordPress<\/p>\n<p><strong>Haftungsausschluss:<\/strong><br \/>\nDie Inhalte dieser Homepage dienen nur zur Information und sind kein Beratungs- oder Vertragsangebot. Die Inhalte werden regelm\u00e4\u00dfig aktualisiert und gepr\u00fcft, trotzdem kann keine Gew\u00e4hr auf Aktualit\u00e4t, Richtigkeit und Vollst\u00e4ndigkeit \u00fcbernommen werden. F\u00fcr Links zu externen Webseiten, die von dieser Homepage verlinkt sind, kann keine Haftung \u00fcbernommen werden. Ebenso nicht f\u00fcr die Verlinkung dieser Homepage auf Webseiten von Dritten.<\/p>\n<p><strong>Bilder:<br \/>\n<\/strong>Die Fotos auf der Webseite sind zum Teil von privat aufgenommen worden. &#8222;Bert und Theo 2018&#8220; ist mir freundlicherweise von Moosen Assanimoghaddam zur Verf\u00fcgung gestellt (assanimoghaddam.com).<br \/>\n&#8222;Walkact in Osnabr\u00fcck&#8220; und das wunderbare Eingangsbild auf der ersten Seite von Fritz Schwarzenberger (fotostudio-schwarzenberger.de).<\/p>\n<p><strong>Urheberrecht:<\/strong><br \/>\nDie auf dieser Homepage erstellten Seiten unterliegen dem deutschen Urheberrecht. Die Vervielf\u00e4ltigung, Verbreitung, Ver\u00e4nderung der Inhalte, Texte und Bilder dieser Homepage ben\u00f6tigen meiner schriftlichen Zustimmung. Ich habe die Urheberrechte, soweit es sich um Inhalte handelt, die nicht von mir sind beachtet, sollte ich dennoch unwissentlich eine Verletzung des Urheberrechts begangen haben, bitte ich um Benachrichtigung, um dies umgehend zu \u00e4ndern.<\/p>\n","protected":false},"excerpt":{"rendered":"<p>Kontakt: J\u00f6rg Hunold Clemensstr. 5 49090 Osnabr\u00fcck Mail: info@clown-theo.de Tel.: 0541 4098462 mobil: 0176 32 102 102 Impressum: Inhaltlich verantwortlich: J\u00f6rg Hunold Design &amp; technische Umsetzung J\u00f6rg Hunold mit WordPress Haftungsausschluss: Die Inhalte dieser Homepage dienen nur zur Information und sind kein Beratungs- oder Vertragsangebot. Die Inhalte werden regelm\u00e4\u00dfig aktualisiert und gepr\u00fcft, trotzdem kann keine &hellip; <\/p>\n<p class=\"link-more\"><a href=\"https:\/\/clown-theo.de\/?page_id=15\" class=\"more-link\"><span class=\"screen-reader-text\">\u201eKontakt\u201c <\/span>weiterlesen<\/a><\/p>\n","protected":false},"author":1,"featured_media":0,"parent":0,"menu_order":0,"comment_status":"closed","ping_status":"closed","template":"","meta":{"footnotes":""},"class_list":["post-15","page","type-page","status-publish","hentry"],"_links":{"self":[{"href":"https:\/\/clown-theo.de\/index.php?rest_route=\/wp\/v2\/pages\/15","targetHints":{"allow":["GET"]}}],"collection":[{"href":"https:\/\/clown-theo.de\/index.php?rest_route=\/wp\/v2\/pages"}],"about":[{"href":"https:\/\/clown-theo.de\/index.php?rest_route=\/wp\/v2\/types\/page"}],"author":[{"embeddable":true,"href":"https:\/\/clown-theo.de\/index.php?rest_route=\/wp\/v2\/users\/1"}],"replies":[{"embeddable":true,"href":"https:\/\/clown-theo.de\/index.php?rest_route=%2Fwp%2Fv2%2Fcomments&post=15"}],"version-history":[{"count":4,"href":"https:\/\/clown-theo.de\/index.php?rest_route=\/wp\/v2\/pages\/15\/revisions"}],"predecessor-version":[{"id":127,"href":"https:\/\/clown-theo.de\/index.php?rest_route=\/wp\/v2\/pages\/15\/revisions\/127"}],"wp:attachment":[{"href":"https:\/\/clown-theo.de\/index.php?rest_route=%2Fwp%2Fv2%2Fmedia&parent=15"}],"curies":[{"name":"wp","href":"https:\/\/api.w.org\/{rel}","templated":true}]}}