{"id":2,"date":"2016-05-10T03:48:21","date_gmt":"2016-05-10T03:48:21","guid":{"rendered":"http:\/\/clown-theo.de\/?page_id=2"},"modified":"2026-01-26T18:17:46","modified_gmt":"2026-01-26T18:17:46","slug":"sample-page","status":"publish","type":"page","link":"https:\/\/clown-theo.de\/","title":{"rendered":"Theo kommt &#8230; der Clown mit Glatze"},"content":{"rendered":"<div class=\"paragraph Body\">\n<h2>&#8230;auch zu Ihnen! Herzlich Willkommen!<\/h2>\n<p>Seit fast 30 Jahren spiele ich Pantomime und bin als Clown und komische Figur unterwegs.<\/p>\n<p>F\u00fcr mich ist der Clown eine M\u00f6glichkeit, mit anderen Menschen in Kontakt zu treten, um gemeinsam den Augenblick zu feiern. Mit Respekt, Liebe, Konfetti und viel Situationskomik.<br \/>Wenn Ihr einen Clown f\u00fcr Eure Geburtstagsfeier, Hochzeit, Petersilienhochzeit, Trennungsfeier oder Sommerfest sucht, k\u00f6nnt Ihr mich gerne kontaktieren. Ich komme auch zu Eurer Feier.<\/p>\n<p>Als Trainer f\u00fcr angehende Clowns in Kliniken, Senioreneinrichtungen und auf der B\u00fchne, begleite ich Euch mit vielen \u00dcbungen und viel Spa\u00df und Leichtigkeit auf Eurem Weg zu einer unverwechselbaren und authentischen Clownsfigur.<br \/>\u201eSchon der Versuch, nicht komisch zu sein, ist komisch.\u201c M\u00fchelos und mit viel Leichtigkeit.<\/p>\n<ul>\n<li><strong>Humor- und Klinik- und Schulclown-Trainer im Humorkolleg in Paderborn<\/strong><a href=\"https:\/\/www.humorkolleg.de\/ausbildung-klinikclown\/\"><br \/>Ab diesem Herbst 2026 sind wir schon in die 6. Runde<\/a><\/li>\n<li><strong>Humor und Lebenssinn<\/strong> (Fortbildungsangebote f\u00fcr palliativmedizinisches Personal)<br \/>Humor und Heiterkeit in der Pflege? (Eine Mischung aus Vortrag und spielerischen \u00dcbungen, 2 x 1,5 h)<\/li>\n<li><strong>Pantomime f\u00fcr Clowns<\/strong><br \/>Unsichtbare Dinge sichtbar machen. Erweitere und pr\u00e4zisiere deine Spielm\u00f6glichkeiten<\/li>\n<li><strong>Zaubern f\u00fcr Clowns<br \/><\/strong>Magische Momente gestalten. Grundlagen der Zauberei erlernen und verbessern.<\/li>\n<li><strong>Trainer f\u00fcr Clowns und Klinikclowns (1-2 Tage Workshops)<\/strong><br \/>Mit Humor, Leichtigkeit und ungewohnten Perspektiven.<\/li>\n<li><strong>Clowns Theo &amp; Bert<\/strong><br \/>Stra\u00dfentheater als Walkact mit zwei komischen Figuren<\/li>\n<li><strong>Clown Theo Schunke &#8211; KlinikClown mit <a href=\"https:\/\/www.doktorclown.de\">DoktorClown aus Bielefeld<\/a><br \/><\/strong>Als GastClown im Osnabr\u00fccker Kinderhospital, in Senioreneinrichtungen und auch auf Bestellung, mit Herz und Humor<\/li>\n<li><strong>Clown Theo Schunke &#8211; komische Figur<\/strong><br \/>Als Clown Theo auf Geburtstagen, Hochzeiten, Familien- und Stra\u00dfenfesten. Mit oder ohne roter Nase. Verzaubert mit bunten Luftballons, Zaubereien und viel Konfetti.<br \/><span style=\"font-size: inherit;\">Fein &amp; leise oder auch laut &amp; polternd. Wie es zum Anlass passt, immer mit dem ganzen Herzen dabei<\/span><\/li>\n<\/ul>\n<\/div>\n\n\n<p><\/p>\n","protected":false},"excerpt":{"rendered":"<p>&#8230;auch zu Ihnen! Herzlich Willkommen! Seit fast 30 Jahren spiele ich Pantomime und bin als Clown und komische Figur unterwegs. F\u00fcr mich ist der Clown eine M\u00f6glichkeit, mit anderen Menschen in Kontakt zu treten, um gemeinsam den Augenblick zu feiern. Mit Respekt, Liebe, Konfetti und viel Situationskomik.Wenn Ihr einen Clown f\u00fcr Eure Geburtstagsfeier, Hochzeit, Petersilienhochzeit, &hellip; <\/p>\n<p class=\"link-more\"><a href=\"https:\/\/clown-theo.de\/\" class=\"more-link\"><span class=\"screen-reader-text\">\u201eTheo kommt &#8230; der Clown mit Glatze\u201c <\/span>weiterlesen<\/a><\/p>\n","protected":false},"author":1,"featured_media":0,"parent":0,"menu_order":0,"comment_status":"closed","ping_status":"open","template":"","meta":{"footnotes":""},"class_list":["post-2","page","type-page","status-publish","hentry"],"_links":{"self":[{"href":"https:\/\/clown-theo.de\/index.php?rest_route=\/wp\/v2\/pages\/2","targetHints":{"allow":["GET"]}}],"collection":[{"href":"https:\/\/clown-theo.de\/index.php?rest_route=\/wp\/v2\/pages"}],"about":[{"href":"https:\/\/clown-theo.de\/index.php?rest_route=\/wp\/v2\/types\/page"}],"author":[{"embeddable":true,"href":"https:\/\/clown-theo.de\/index.php?rest_route=\/wp\/v2\/users\/1"}],"replies":[{"embeddable":true,"href":"https:\/\/clown-theo.de\/index.php?rest_route=%2Fwp%2Fv2%2Fcomments&post=2"}],"version-history":[{"count":62,"href":"https:\/\/clown-theo.de\/index.php?rest_route=\/wp\/v2\/pages\/2\/revisions"}],"predecessor-version":[{"id":221,"href":"https:\/\/clown-theo.de\/index.php?rest_route=\/wp\/v2\/pages\/2\/revisions\/221"}],"wp:attachment":[{"href":"https:\/\/clown-theo.de\/index.php?rest_route=%2Fwp%2Fv2%2Fmedia&parent=2"}],"curies":[{"name":"wp","href":"https:\/\/api.w.org\/{rel}","templated":true}]}}